{"id":14,"date":"2022-06-30T09:22:45","date_gmt":"2022-06-30T02:22:45","guid":{"rendered":"https:\/\/congchung2tphcm.com.vn\/ekios\/?page_id=14"},"modified":"2022-07-01T08:14:48","modified_gmt":"2022-07-01T01:14:48","slug":"van-ban-phap-luat","status":"publish","type":"page","link":"https:\/\/congchung2tphcm.com.vn\/ekios\/van-ban-phap-luat\/","title":{"rendered":"V\u0103n B\u1ea3n Ph\u00e1p Lu\u1eadt"},"content":{"rendered":"\t\t<div data-elementor-type=\"wp-page\" data-elementor-id=\"14\" class=\"elementor elementor-14\">\n\t\t\t\t\t\t\t\t\t<section class=\"elementor-section elementor-top-section elementor-element elementor-element-93405ae elementor-section-boxed elementor-section-height-default elementor-section-height-default\" data-id=\"93405ae\" data-element_type=\"section\">\n\t\t\t\t\t\t<div class=\"elementor-container elementor-column-gap-default\">\n\t\t\t\t\t<div class=\"elementor-column elementor-col-100 elementor-top-column elementor-element elementor-element-3fccdc7\" data-id=\"3fccdc7\" data-element_type=\"column\">\n\t\t\t<div class=\"elementor-widget-wrap elementor-element-populated\">\n\t\t\t\t\t\t\t\t<div class=\"elementor-element elementor-element-567083f elementor-widget elementor-widget-heading\" data-id=\"567083f\" data-element_type=\"widget\" data-widget_type=\"heading.default\">\n\t\t\t\t<div class=\"elementor-widget-container\">\n\t\t\t<h2 class=\"elementor-heading-title elementor-size-default\">C\u00e1c v\u0103n b\u1ea3n ph\u00e1p lu\u1eadt li\u00ean quan<\/h2>\t\t<\/div>\n\t\t\t\t<\/div>\n\t\t\t\t<div class=\"elementor-element elementor-element-e65f8df xoa-margin elementor-widget elementor-widget-text-editor\" data-id=\"e65f8df\" data-element_type=\"widget\" data-widget_type=\"text-editor.default\">\n\t\t\t\t<div class=\"elementor-widget-container\">\n\t\t\t\t\t\t\t<p>Lu\u1eadt C\u00f4ng ch\u1ee9ng v\u00e0 c\u00e1c v\u0103n b\u1ea3n h\u01b0\u1edbng d\u1eabn, quy \u0111\u1ecbnh chi ti\u1ebft thi h\u00e0nh lu\u1eadt c\u00f4ng ch\u1ee9ng<\/p><p><em><strong>1. M\u1ed9t s\u1ed1 v\u0103n b\u1ea3n v\u1ec1 c\u00f4ng ch\u1ee9ng:<\/strong><\/em><\/p><p>\u00a0\u21d2\u00a0<a href=\"https:\/\/drive.google.com\/open?id=0BzgvXJpSmyROSmMxQ1JxTWFNNWM\">Lu\u1eadt C\u00f4ng ch\u1ee9ng n\u0103m 2014 (c\u00f3 hi\u1ec7u l\u1ef1c thi h\u00e0nh t\u1eeb ng\u00e0y 01\/01\/2015)<\/a><\/p><p>\u00a0\u21d2\u00a0<a href=\"https:\/\/drive.google.com\/open?id=0BzgvXJpSmyROSXVkc3cwZ1FURE0\">Ngh\u1ecb \u0111\u1ecbnh s\u1ed1 29\/2015\/N\u0110CP h\u01b0\u1edbng d\u1eabn thi h\u00e0nh Lu\u1eadt C\u00f4ng Ch\u1ee9ng<\/a><\/p><p>\u00a0\u21d2\u00a0<a href=\"https:\/\/drive.google.com\/open?id=0BzgvXJpSmyRORE9nQkJ1MzhqOUU\">Th\u00f4ng t\u01b0 s\u1ed1 06\/2015\/TT-BTP quy \u0111\u1ecbnh chi ti\u1ebft v\u00e0 h\u01b0\u1edbng d\u1eabn thi h\u00e0nh Lu\u1eadt C\u00f4ng ch\u1ee9ng<\/a><\/p><p>\u00a0\u21d2\u00a0<a href=\"https:\/\/drive.google.com\/open?id=0BzgvXJpSmyRObW43LThaRS1Md2c\">Th\u00f4ng t\u01b0 s\u1ed1 04\/2015\/TT-BTP h\u01b0\u1edbng d\u1eabn t\u1eadp s\u1ef1 h\u00e0nh ngh\u1ec1 c\u00f4ng ch\u1ee9ng<\/a><\/p><p><em><strong>2. M\u1ed9t s\u1ed1 v\u0103n b\u1ea3n li\u00ean quan \u0111\u1ebfn lu\u1eadt d\u00e2n s\u1ef1:<\/strong><\/em><\/p><p>\u00a0\u21d2\u00a0<a href=\"https:\/\/drive.google.com\/open?id=0BzgvXJpSmyROWmVVNEE0Vm14Mlk\">B\u1ed9 Lu\u1eadt d\u00e2n s\u1ef1 2015 (c\u00f3 hi\u1ec7u l\u1ef1c thi h\u00e0nh t\u1eeb ng\u00e0y 01\/01\/2017)<\/a><\/p><p><em><strong>3. M\u1ed9t s\u1ed1 v\u0103n b\u1ea3n li\u00ean quan \u0111\u1ebfn giao d\u1ecbch b\u1ea3o \u0111\u1ea3m:<\/strong><\/em><\/p><p>\u00a0\u21d2\u00a0<a href=\"http:\/\/vbpl.vn\/nganhangnhanuoc\/Pages\/vbpq-luocdo.aspx?ItemID=14703#\">Ngh\u1ecb \u0111\u1ecbnh s\u1ed1 163\/2006\/N\u0110-CP v\u1ec1 giao dich b\u1ea3o \u0111\u1ea3m<\/a><\/p><p>\u00a0\u21d2\u00a0<a href=\"http:\/\/vbpl.vn\/botuphap\/Pages\/vbpq-van-ban-goc.aspx?ItemID=27220\">Ngh\u1ecb \u0111\u1ecbnh s\u1ed1 11\/2012\/N\u0110-CP s\u1eeda \u0111\u1ed5i, b\u1ed5 sung m\u1ed9t s\u1ed1 \u0111i\u1ec1u c\u1ee7a Ngh\u1ecb \u0111\u1ecbnh 163\/2006\/N\u0110-CP<\/a><\/p><p>\u00a0\u21d2\u00a0<a href=\"http:\/\/vbpl.vn\/botuphap\/Pages\/vbpq-van-ban-goc.aspx?ItemID=124701\">Ngh\u1ecb \u0111\u1ecbnh s\u1ed1 102\/2017\/N\u0110-CP v\u1ec1 \u0111\u0103ng k\u00fd bi\u1ec7n ph\u00e1p b\u1ea3o \u0111\u1ea3m<\/a><\/p><p>\u00a0\u21d2\u00a0<a href=\"http:\/\/vbpl.vn\/botuphap\/Pages\/vbpq-thuoctinh.aspx?ItemID=139237\">Th\u00f4ng t\u01b0 s\u1ed1 07\/2019\/TT-BTP h\u01b0\u1edbng d\u1eabn m\u1ed9t s\u1ed1 n\u1ed9i dung v\u1ec1 \u0111\u0103ng k\u00fd th\u1ebf ch\u1ea5p quy\u1ec1n s\u1eed d\u1ee5ng \u0111\u1ea5t, t\u00e0i s\u1ea3n g\u1eafn li\u1ec1n v\u1edbi \u0111\u1ea5t<\/a><\/p><p><em><strong>4. M\u1ed9t s\u1ed1 v\u0103n b\u1ea3n li\u00ean quan \u0111\u1ebfn lu\u1eadt \u0111\u1ea5t \u0111ai:<\/strong><\/em><\/p><p>\u00a0\u21d2\u00a0<a href=\"https:\/\/drive.google.com\/open?id=0BzgvXJpSmyROOUlKRlNPS1N2alU\">Lu\u1eadt \u0110\u1ea5t \u0111ai n\u0103m 2013<\/a><\/p><p>\u00a0\u21d2\u00a0<a href=\"https:\/\/drive.google.com\/open?id=0BzgvXJpSmyROSEkyakFVZTE3QlE\">Nghi \u0111\u1ecbnh s\u1ed1 01\/2017\/N\u0110-CP v\u1ec1 s\u1eeda \u0111\u1ed5i, b\u1ed5 sung Ngh\u1ecb \u0111\u1ecbnh 43-44-47<\/a><\/p><p>\u00a0\u21d2\u00a0<a href=\"https:\/\/drive.google.com\/open?id=0BzgvXJpSmyROOGNBRVo5RzRlY2M\">Ngh\u1ecb \u0111\u1ecbnh s\u1ed1 35\/2015\/N\u0110-CP v\u1ec1 qu\u1ea3n l\u00fd, s\u1eed d\u1ee5ng \u0111\u1ea5t tr\u1ed3ng l\u00faa<\/a><\/p><p>\u00a0\u21d2\u00a0<a href=\"https:\/\/drive.google.com\/open?id=0BzgvXJpSmyROME9ub05kUjc0c3c\">Ngh\u1ecb \u0111\u1ecbnh s\u1ed1 43\/2014\/N\u0110-CP h\u01b0\u1edbng d\u1eabn chi ti\u1ebft thi h\u00e0nh Lu\u1eadt \u0110\u1ea5t \u0111ai<\/a><\/p><p>\u00a0\u21d2\u00a0<a href=\"http:\/\/vbpl.vn\/botainguyen\/Pages\/vbpq-van-ban-goc.aspx?ItemID=38405\">Th\u00f4ng t\u01b0 s\u1ed1 23\/2014\/TT-BTNMT quy \u0111\u1ecbnh v\u1ec1 Gi\u1ea5y ch\u1ee9ng nh\u1eadn quy\u1ec1n s\u1eed d\u1ee5ng \u0111\u1ea5t quy\u1ec1n s\u1edf h\u1eefu nh\u00e0 \u1edf v\u00e0 t\u00e0i s\u1ea3n kh\u00e1c g\u1eafn li\u1ec1n v\u1edbi \u0111\u1ea5t<\/a><\/p><p>\u00a0\u21d2\u00a0<a href=\"https:\/\/drive.google.com\/open?id=0BzgvXJpSmyROdm5FZGVjd1plYXc\">Ngh\u1ecb \u0111\u1ecbnh s\u1ed1 102\/2014\/N\u0110-CP v\u1ec1 x\u1eed ph\u1ea1t h\u00e0nh ch\u00ednh l\u0129nh v\u1ef1c \u0111\u1ea5t \u0111ai<\/a><\/p><p><strong><em>5. M\u1ed9t s\u1ed1 v\u0103n b\u1ea3n li\u00ean quan \u0111\u1ebfn h\u00f4n nh\u00e2n \u2013 gia \u0111\u00ecnh v\u00e0 h\u1ed9 t\u1ecbch<\/em><\/strong><\/p><p>\u00a0\u21d2\u00a0<a href=\"http:\/\/datafile.chinhphu.vn\/file-remote-v2\/DownloadServlet?filePath=vbpq\/2014\/08\/52_honnhan_GD.signed.pdf\">Lu\u1eadt H\u00f4n nh\u00e2n v\u00e0 Gia \u0111\u00ecnh n\u0103m 2014<\/a><\/p><p>\u00a0\u21d2\u00a0<a href=\"https:\/\/thuvienphapluat.vn\/documents\/download.aspx?id=y7u2E4AGBGVI%2fweFfAZGDg%3d%3d&amp;part=-100\">Ngh\u1ecb \u0111\u1ecbnh s\u1ed1 126\/2014\/N\u0110-CP quy \u0111\u1ecbnh chi ti\u1ebft m\u1ed9t s\u1ed1 \u0111i\u1ec1u v\u00e0 bi\u1ec7n ph\u00e1p thi h\u00e0nh Lu\u1eadt H\u00f4n nh\u00e2n v\u00e0 Gia \u0111\u00ecnh<\/a><\/p><p>\u00a0\u21d2\u00a0<a href=\"http:\/\/vbpl.vn\/bongoaigiao\/Pages\/vbpq-luocdo.aspx?ItemID=49308\">Ngh\u1ecb \u0111\u1ecbnh s\u1ed1 10\/2015\/N\u0110-CP quy \u0111\u1ecbnh v\u1ec1 sinh con b\u1eb1ng k\u1ef9 thu\u1eadt th\u1ee5 tinh trong \u1ed1ng nghi\u1ec7m v\u00e0 \u0111i\u1ec1u ki\u1ec7n mang thai h\u1ed9 v\u00ec m\u1ee5c \u0111\u00edch nh\u00e2n \u0111\u1ea1o<\/a><\/p><p>\u00a0\u21d2\u00a0<a href=\"http:\/\/vbpl.vn\/FileData\/TW\/Lists\/vbpq\/Attachments\/46746\/VanBanGoc_60.2014.QH13.PDF\">Lu\u1eadt H\u1ed9 t\u1ecbch n\u0103m 2014<\/a><\/p><p>\u00a0\u21d2\u00a0<a href=\"http:\/\/vbpl.vn\/TW\/Pages\/vbpq-van-ban-goc.aspx?ItemID=92897\">Ngh\u1ecb \u0111\u1ecbnh s\u1ed1 123\/2015\/N\u0110-CP quy \u0111\u1ecbnh chi ti\u1ebft m\u1ed9t s\u1ed1 \u0111i\u1ec1u v\u00e0 bi\u1ec7n ph\u00e1p thi h\u00e0nh Lu\u1eadt H\u1ed9 t\u1ecbch<\/a><\/p><p><em><strong>6. M\u1ed9t s\u1ed1 v\u0103n b\u1ea3n li\u00ean quan \u0111\u1ebfn Lu\u1eadt nh\u00e0 \u1edf<\/strong><\/em><\/p><p>\u00a0\u21d2\u00a0<a href=\"https:\/\/drive.google.com\/open?id=0BzgvXJpSmyROcFhSMHVrblg2dlE\">Lu\u1eadt Nh\u00e0 \u1edf n\u0103m 2014<\/a><\/p><p>\u00a0\u21d2\u00a0<a href=\"https:\/\/drive.google.com\/open?id=0BzgvXJpSmyROcEtWMm1ablp1eUU\">Ngh\u1ecb \u0111\u1ecbnh s\u1ed1 99\/2015\/N\u0110-CP h\u01b0\u1edbng d\u1eabn thi h\u00e0nh Lu\u1eadt Nh\u00e0 \u1edf<\/a><\/p><p>\u00a0\u21d2\u00a0<a href=\"https:\/\/drive.google.com\/open?id=0BzgvXJpSmyROU05iNFhRYmJRTnc\">Th\u00f4ng t\u01b0 s\u1ed1 19\/2016\/TT-BXD h\u01b0\u1edbng d\u1eabn th\u1ef1c hi\u1ec7n Lu\u1eadt Nh\u00e0 \u1edf v\u00e0 Ngh\u1ecb \u0111\u1ecbnh s\u1ed1 99\/2015\/N\u0110-CP<\/a><\/p><p>\u00a0\u21d2\u00a0<a href=\"http:\/\/vbpl.vn\/nganhangnhanuoc\/Pages\/vbpq-van-ban-goc.aspx?ItemID=94335\">Th\u00f4ng t\u01b0 s\u1ed1 26\/2015\/TT-NHNN h\u01b0\u1edbng d\u1eabn th\u1ee7 t\u1ee5c th\u1ebf ch\u1ea5p v\u00e0 gi\u1ea3i ch\u1ea5p t\u00e0i s\u1ea3n l\u00e0 d\u1ef1 \u00e1n \u0111\u1ea7u t\u01b0 x\u00e2y d\u1ef1ng nh\u00e0 \u1edf, nh\u00e0 \u1edf h\u00ecnh th\u00e0nh trong t\u01b0\u01a1ng lai<\/a><\/p>\t\t\t\t\t\t<\/div>\n\t\t\t\t<\/div>\n\t\t\t\t\t<\/div>\n\t\t<\/div>\n\t\t\t\t\t\t\t<\/div>\n\t\t<\/section>\n\t\t\t\t\t\t\t<\/div>\n\t\t","protected":false},"excerpt":{"rendered":"<p>C\u00e1c v\u0103n b\u1ea3n ph\u00e1p lu\u1eadt li\u00ean quan Lu\u1eadt C\u00f4ng ch\u1ee9ng v\u00e0 c\u00e1c v\u0103n b\u1ea3n h\u01b0\u1edbng d\u1eabn, quy \u0111\u1ecbnh chi ti\u1ebft thi h\u00e0nh lu\u1eadt c\u00f4ng ch\u1ee9ng 1. M\u1ed9t s\u1ed1 v\u0103n b\u1ea3n v\u1ec1 c\u00f4ng ch\u1ee9ng: \u00a0\u21d2\u00a0Lu\u1eadt C\u00f4ng ch\u1ee9ng n\u0103m 2014 (c\u00f3 hi\u1ec7u l\u1ef1c thi h\u00e0nh t\u1eeb ng\u00e0y 01\/01\/2015) \u00a0\u21d2\u00a0Ngh\u1ecb \u0111\u1ecbnh s\u1ed1 29\/2015\/N\u0110CP h\u01b0\u1edbng d\u1eabn thi h\u00e0nh Lu\u1eadt &hellip;<\/p>\n<p class=\"read-more\"> <a class=\"\" href=\"https:\/\/congchung2tphcm.com.vn\/ekios\/van-ban-phap-luat\/\"> <span class=\"screen-reader-text\">V\u0103n B\u1ea3n Ph\u00e1p Lu\u1eadt<\/span> Read More &raquo;<\/a><\/p>\n","protected":false},"author":1,"featured_media":0,"parent":0,"menu_order":0,"comment_status":"closed","ping_status":"closed","template":"elementor_header_footer","meta":{"site-sidebar-layout":"no-sidebar","site-content-layout":"page-builder","ast-global-header-display":"","ast-main-header-display":"","ast-hfb-above-header-display":"","ast-hfb-below-header-display":"","ast-hfb-mobile-header-display":"","site-post-title":"disabled","ast-breadcrumbs-content":"","ast-featured-img":"disabled","footer-sml-layout":"","theme-transparent-header-meta":"default","adv-header-id-meta":"","stick-header-meta":"","header-above-stick-meta":"","header-main-stick-meta":"","header-below-stick-meta":"","footnotes":""},"class_list":["post-14","page","type-page","status-publish","hentry"],"_links":{"self":[{"href":"https:\/\/congchung2tphcm.com.vn\/ekios\/wp-json\/wp\/v2\/pages\/14","targetHints":{"allow":["GET"]}}],"collection":[{"href":"https:\/\/congchung2tphcm.com.vn\/ekios\/wp-json\/wp\/v2\/pages"}],"about":[{"href":"https:\/\/congchung2tphcm.com.vn\/ekios\/wp-json\/wp\/v2\/types\/page"}],"author":[{"embeddable":true,"href":"https:\/\/congchung2tphcm.com.vn\/ekios\/wp-json\/wp\/v2\/users\/1"}],"replies":[{"embeddable":true,"href":"https:\/\/congchung2tphcm.com.vn\/ekios\/wp-json\/wp\/v2\/comments?post=14"}],"version-history":[{"count":11,"href":"https:\/\/congchung2tphcm.com.vn\/ekios\/wp-json\/wp\/v2\/pages\/14\/revisions"}],"predecessor-version":[{"id":264,"href":"https:\/\/congchung2tphcm.com.vn\/ekios\/wp-json\/wp\/v2\/pages\/14\/revisions\/264"}],"wp:attachment":[{"href":"https:\/\/congchung2tphcm.com.vn\/ekios\/wp-json\/wp\/v2\/media?parent=14"}],"curies":[{"name":"wp","href":"https:\/\/api.w.org\/{rel}","templated":true}]}}