{"id":2013,"date":"2025-07-30T21:43:41","date_gmt":"2025-07-30T14:43:41","guid":{"rendered":"https:\/\/congchung2tphcm.com.vn\/ekios\/?page_id=2013"},"modified":"2025-07-30T21:43:41","modified_gmt":"2025-07-30T14:43:41","slug":"thu-tuc-chung-thuc-chu-ky-nguoi-dich-tai-phong-cong-chung-so-2","status":"publish","type":"page","link":"https:\/\/congchung2tphcm.com.vn\/ekios\/thu-tuc-chung-thuc-chu-ky-nguoi-dich-tai-phong-cong-chung-so-2\/","title":{"rendered":"TH\u1ee6 T\u1ee4C CH\u1ee8NG TH\u1ef0C CH\u1eee K\u00dd NG\u01af\u1edcI D\u1ecaCH T\u1ea0I PH\u00d2NG C\u00d4NG CH\u1ee8NG S\u1ed0 2"},"content":{"rendered":"<p><strong>TH\u1ee6 T\u1ee4C CH\u1ee8NG TH\u1ef0C CH\u1eee K\u00dd NG\u01af\u1edcI D\u1ecaCH <\/strong><\/p>\n<p><strong>T\u1ea0I PH\u00d2NG C\u00d4NG CH\u1ee8NG S\u1ed0 2 <\/strong><\/p>\n<ol>\n<li><strong> Tr\u00ecnh t\u1ef1 th\u1ef1c hi\u1ec7n<\/strong><\/li>\n<\/ol>\n<p>&#8211; Ng\u01b0\u1eddi y\u00eau c\u1ea7u ch\u1ee9ng th\u1ef1c ch\u1eef k\u00fd ng\u01b0\u1eddi d\u1ecbch ph\u1ea3i xu\u1ea5t tr\u00ecnh c\u00e1c gi\u1ea5y t\u1edd ph\u1ee5c v\u1ee5 vi\u1ec7c ch\u1ee9ng th\u1ef1c ch\u1eef k\u00fd ng\u01b0\u1eddi d\u1ecbch.<\/p>\n<p>&#8211; C\u00f4ng ch\u1ee9ng vi\u00ean ki\u1ec3m tra gi\u1ea5y t\u1edd do ng\u01b0\u1eddi y\u00eau c\u1ea7u ch\u1ee9ng th\u1ef1c xu\u1ea5t tr\u00ecnh, n\u1ebfu th\u1ea5y \u0111\u1ee7 gi\u1ea5y t\u1edd theo quy \u0111\u1ecbnh v\u00e0 gi\u1ea5y t\u1edd, v\u0103n b\u1ea3n \u0111\u01b0\u1ee3c d\u1ecbch kh\u00f4ng thu\u1ed9c c\u00e1c tr\u01b0\u1eddng h\u1ee3p gi\u1ea5y t\u1edd, v\u0103n b\u1ea3n kh\u00f4ng \u0111\u01b0\u1ee3c d\u1ecbch \u0111\u1ec3 ch\u1ee9ng th\u1ef1c ch\u1eef k\u00fd ng\u01b0\u1eddi d\u1ecbch theo quy \u0111\u1ecbnh t\u1ea1i \u0110i\u1ec1u 32 c\u1ee7a Ngh\u1ecb \u0111\u1ecbnh s\u1ed1 23\/2020\/N\u0110-CP, th\u00ec th\u1ef1c hi\u1ec7n nh\u01b0 sau:<\/p>\n<p>+ \u0110\u1ed1i v\u1edbi ng\u01b0\u1eddi d\u1ecbch l\u00e0 c\u1ed9ng t\u00e1c vi\u00ean d\u1ecbch thu\u1eadt c\u1ee7a \u0111\u01a1n v\u1ecb (theo danh s\u00e1ch c\u1ed9ng t\u00e1c vi\u00ean d\u1ecbch thu\u1eadt do S\u1edf T\u01b0 ph\u00e1p ph\u00ea duy\u1ec7t) \u0111\u00e3 \u0111\u0103ng k\u00fd ch\u1eef k\u00fd m\u1eabu, c\u00f4ng ch\u1ee9ng vi\u00ean ph\u1ea3i \u0111\u1ed1i chi\u1ebfu ch\u1eef k\u00fd c\u1ee7a ng\u01b0\u1eddi d\u1ecbch tr\u00ean b\u1ea3n d\u1ecbch v\u1edbi ch\u1eef k\u00fd m\u1eabu tr\u01b0\u1edbc khi th\u1ef1c hi\u1ec7n ch\u1ee9ng th\u1ef1c; tr\u01b0\u1eddng h\u1ee3p nghi ng\u1edd ch\u1eef k\u00fd tr\u00ean b\u1ea3n d\u1ecbch so v\u1edbi ch\u1eef k\u00fd m\u1eabu th\u00ec y\u00eau c\u1ea7u ng\u01b0\u1eddi d\u1ecbch k\u00fd tr\u01b0\u1edbc m\u1eb7t.<\/p>\n<p>+ \u0110\u1ed1i v\u1edbi ng\u01b0\u1eddi d\u1ecbch kh\u00f4ng ph\u1ea3i c\u1ed9ng t\u00e1c vi\u00ean d\u1ecbch thu\u1eadt c\u1ee7a \u0111\u01a1n v\u1ecb th\u00ec y\u00eau c\u1ea7u ng\u01b0\u1eddi d\u1ecbch k\u00fd tr\u01b0\u1edbc m\u1eb7t c\u00f4ng ch\u1ee9ng vi\u00ean. Ng\u01b0\u1eddi d\u1ecbch c\u1ea7n \u0111\u00e1p \u1ee9ng \u0111i\u1ec1u ki\u1ec7n theo kho\u1ea3n 2 \u0110i\u1ec1u 31 c\u1ee7a Ngh\u1ecb \u0111\u1ecbnh s\u1ed1 23\/2015\/N\u0110-CP v\u00e0 c\u00f4ng ch\u1ee9ng vi\u00ean ch\u1ec9 ch\u1ee9ng th\u1ef1c ch\u1eef k\u00fd ng\u01b0\u1eddi d\u1ecbch kh\u00f4ng ph\u1ea3i l\u00e0 c\u1ed9ng t\u00e1c vi\u00ean c\u1ee7a \u0111\u01a1n v\u1ecb khi ng\u01b0\u1eddi \u0111\u00f3 t\u1ef1 d\u1ecbch gi\u1ea5y t\u1edd, v\u0103n b\u1ea3n c\u1ee7a m\u00ecnh\u00a0\u0111\u1ec3 ph\u1ee5c v\u1ee5 m\u1ee5c \u0111\u00edch c\u00e1 nh\u00e2n.\u00a0Tr\u01b0\u1eddng h\u1ee3p d\u1ecbch gi\u1ea5y t\u1edd, v\u0103n b\u1ea3n cho ng\u01b0\u1eddi kh\u00e1c, k\u1ec3 c\u1ea3 ng\u01b0\u1eddi th\u00e2n th\u00edch trong gia \u0111\u00ecnh, b\u1ea1n b\u00e8, \u0111\u1ed3ng nghi\u1ec7p ho\u1eb7c d\u1ecbch c\u00f3 th\u00f9 lao theo th\u1ecfa thu\u1eadn v\u1edbi c\u00e1 nh\u00e2n, t\u1ed5 ch\u1ee9c th\u00ec ph\u1ea3i do c\u1ed9ng t\u00e1c vi\u00ean d\u1ecbch thu\u1eadt c\u1ee7a \u0111\u01a1n v\u1ecb\u00a0th\u1ef1c hi\u1ec7n.<\/p>\n<p>+ Ghi \u0111\u1ea7y \u0111\u1ee7 l\u1eddi ch\u1ee9ng ch\u1ee9ng th\u1ef1c ch\u1eef k\u00fd ng\u01b0\u1eddi d\u1ecbch theo m\u1eabu quy \u0111\u1ecbnh;<\/p>\n<p>+ K\u00fd, ghi r\u00f5 h\u1ecd t\u00ean c\u00f4ng ch\u1ee9ng vi\u00ean, \u0111\u00f3ng d\u1ea5u c\u1ee7a Ph\u00f2ng c\u00f4ng ch\u1ee9ng s\u1ed1 2 v\u00e0 ghi v\u00e0o s\u1ed5 ch\u1ee9ng th\u1ef1c ch\u1eef k\u00fd ng\u01b0\u1eddi d\u1ecbch.<\/p>\n<p>&#8211; \u0110\u1ed1i v\u1edbi b\u1ea3n d\u1ecbch gi\u1ea5y t\u1edd, v\u0103n b\u1ea3n c\u00f3 t\u1eeb 02 (hai) trang tr\u1edf l\u00ean th\u00ec ghi l\u1eddi ch\u1ee9ng v\u00e0o trang cu\u1ed1i, n\u1ebfu gi\u1ea5y t\u1edd, v\u0103n b\u1ea3n c\u00f3 t\u1eeb 02 (hai) t\u1edd tr\u1edf l\u00ean th\u00ec ph\u1ea3i \u0111\u00f3ng d\u1ea5u gi\u00e1p lai.<\/p>\n<ol start=\"2\">\n<li><strong> C\u00e1ch th\u1ee9c th\u1ef1c hi\u1ec7n<\/strong><\/li>\n<\/ol>\n<p>&#8211; N\u1ed9p h\u1ed3 s\u01a1 tr\u1ef1c ti\u1ebfp t\u1ea1i Ph\u00f2ng c\u00f4ng ch\u1ee9ng s\u1ed1 2;<\/p>\n<p><strong>&#8211; <\/strong>Th\u1eddi h\u1ea1n gi\u1ea3i quy\u1ebft: Vi\u1ec7c ti\u1ebfp nh\u1eadn y\u00eau c\u1ea7u \u0111\u01b0\u1ee3c th\u1ef1c hi\u1ec7n trong ng\u00e0y ho\u1eb7c trong ng\u00e0y l\u00e0m vi\u1ec7c ti\u1ebfp theo, n\u1ebfu ti\u1ebfp nh\u1eadn y\u00eau c\u1ea7u sau 15 gi\u1edd c\u1ee7a ng\u00e0y l\u00e0m vi\u1ec7c ho\u1eb7c c\u00f3 th\u1ec3 k\u00e9o d\u00e0i h\u01a1n do s\u1ed1 l\u01b0\u1ee3ng b\u1ea3n d\u1ecbch nhi\u1ec1u ho\u1eb7c ph\u1ee9c t\u1ea1p.<\/p>\n<p>Vi\u1ec7c tr\u1ea3 k\u1ebft qu\u1ea3 v\u00e0o ng\u00e0y l\u00e0m vi\u1ec7c ti\u1ebfp theo ho\u1eb7c ph\u1ea3i k\u00e9o d\u00e0i th\u1eddi gian th\u00ec ng\u01b0\u1eddi ti\u1ebfp nh\u1eadn h\u1ed3 s\u01a1 ghi phi\u1ebfu h\u1eb9n th\u1eddi gian tr\u1ea3 k\u1ebft qu\u1ea3.<\/p>\n<p>&#8211; Ph\u00ed ch\u1ee9ng th\u1ef1c: th\u1ef1c hi\u1ec7n theo\u00a0Th\u00f4ng t\u01b0 s\u1ed1 226\/2016\/TT-BTC quy \u0111\u1ecbnh m\u1ee9c thu, ch\u1ebf \u0111\u1ed9 thu, n\u1ed9p, qu\u1ea3n l\u00fd v\u00e0 s\u1eed d\u1ee5ng ph\u00ed ch\u1ee9ng th\u1ef1c.<\/p>\n<p>&#8211; Th\u00e0nh ph\u1ea7n h\u1ed3 s\u01a1:<strong>\u00a0<\/strong>B\u1ea3n d\u1ecbch v\u00e0 gi\u1ea5y t\u1edd, v\u0103n b\u1ea3n c\u1ea7n d\u1ecbch.<\/p>\n<ol start=\"3\">\n<li><strong> Gi\u1ea5y t\u1edd, v\u0103n b\u1ea3n kh\u00f4ng \u0111\u01b0\u1ee3c d\u1ecbch \u0111\u1ec3 ch\u1ee9ng th\u1ef1c ch\u1eef k\u00fd ng\u01b0\u1eddi d\u1ecbch<\/strong><\/li>\n<\/ol>\n<p>&#8211; Gi\u1ea5y t\u1edd, v\u0103n b\u1ea3n \u0111\u00e3 b\u1ecb t\u1ea9y x\u00f3a, s\u1eeda ch\u1eefa; th\u00eam, b\u1edbt n\u1ed9i dung kh\u00f4ng h\u1ee3p l\u1ec7.<\/p>\n<p>&#8211; Gi\u1ea5y t\u1edd, v\u0103n b\u1ea3n b\u1ecb h\u01b0 h\u1ecfng, c\u0169 n\u00e1t kh\u00f4ng x\u00e1c \u0111\u1ecbnh \u0111\u01b0\u1ee3c n\u1ed9i dung.<\/p>\n<p>&#8211; Gi\u1ea5y t\u1edd, v\u0103n b\u1ea3n \u0111\u00f3ng d\u1ea5u m\u1eadt c\u1ee7a c\u01a1 quan, t\u1ed5 ch\u1ee9c c\u00f3 th\u1ea9m quy\u1ec1n ho\u1eb7c kh\u00f4ng \u0111\u00f3ng d\u1ea5u m\u1eadt nh\u01b0ng ghi r\u00f5 kh\u00f4ng \u0111\u01b0\u1ee3c d\u1ecbch.<\/p>\n<p>&#8211; Gi\u1ea5y t\u1edd, v\u0103n b\u1ea3n c\u00f3 n\u1ed9i dung quy \u0111\u1ecbnh t\u1ea1i Kho\u1ea3n 4 \u0110i\u1ec1u 22 c\u1ee7a Ngh\u1ecb \u0111\u1ecbnh s\u1ed1 23\/2015\/N\u0110-CP.<\/p>\n<p>&#8211; Gi\u1ea5y t\u1edd, v\u0103n b\u1ea3n do c\u01a1 quan, t\u1ed5 ch\u1ee9c c\u00f3 th\u1ea9m quy\u1ec1n c\u1ee7a n\u01b0\u1edbc ngo\u00e0i c\u1ea5p, c\u00f4ng ch\u1ee9ng ho\u1eb7c ch\u1ee9ng nh\u1eadn ch\u01b0a h\u1ee3p ph\u00e1p h\u00f3a l\u00e3nh s\u1ef1 theo quy \u0111\u1ecbnh t\u1ea1i Kho\u1ea3n 1 \u0110i\u1ec1u 20 c\u1ee7a Ngh\u1ecb \u0111\u1ecbnh s\u1ed1 23\/2015\/N\u0110-CP v\u00e0 \u0110i\u1ec1u 6 Th\u00f4ng t\u01b0 s\u1ed1 01\/2020\/TT-BTP, tr\u1eeb gi\u1ea5y h\u1ed9 chi\u1ebfu, th\u1ebb c\u0103n c\u01b0\u1edbc, th\u1ebb c\u01b0 tr\u00fa, gi\u1ea5y ph\u00e9p l\u00e1i xe, b\u1eb1ng t\u1ed1t nghi\u1ec7p, ch\u1ee9ng ch\u1ec9 v\u00e0 b\u1ea3ng \u0111i\u1ec3m k\u00e8m theo b\u1eb1ng t\u1ed1t nghi\u1ec7p, ch\u1ee9ng ch\u1ec9.\/.<\/p>\n<p><a href=\"https:\/\/congchung2tphcm.com.vn\/ekios\/wp-content\/uploads\/2025\/07\/VB-42-2025-QD-STP-Phe-duyet-DS-CTV-DT.pdf\">VB-42-2025-Q\u0110-STP-Ph\u00ea duy\u1ec7t DS-CTV-DT.pdf<\/a><\/p>\n","protected":false},"excerpt":{"rendered":"<p>TH\u1ee6 T\u1ee4C CH\u1ee8NG TH\u1ef0C CH\u1eee K\u00dd NG\u01af\u1edcI D\u1ecaCH T\u1ea0I PH\u00d2NG C\u00d4NG CH\u1ee8NG S\u1ed0 2 Tr\u00ecnh t\u1ef1 th\u1ef1c hi\u1ec7n &#8211; Ng\u01b0\u1eddi y\u00eau c\u1ea7u ch\u1ee9ng th\u1ef1c ch\u1eef k\u00fd ng\u01b0\u1eddi d\u1ecbch ph\u1ea3i xu\u1ea5t tr\u00ecnh c\u00e1c gi\u1ea5y t\u1edd ph\u1ee5c v\u1ee5 vi\u1ec7c ch\u1ee9ng th\u1ef1c ch\u1eef k\u00fd ng\u01b0\u1eddi d\u1ecbch. &#8211; C\u00f4ng ch\u1ee9ng vi\u00ean ki\u1ec3m tra gi\u1ea5y t\u1edd do ng\u01b0\u1eddi y\u00eau c\u1ea7u &hellip;<\/p>\n<p class=\"read-more\"> <a class=\"\" href=\"https:\/\/congchung2tphcm.com.vn\/ekios\/thu-tuc-chung-thuc-chu-ky-nguoi-dich-tai-phong-cong-chung-so-2\/\"> <span class=\"screen-reader-text\">TH\u1ee6 T\u1ee4C CH\u1ee8NG TH\u1ef0C CH\u1eee K\u00dd NG\u01af\u1edcI D\u1ecaCH T\u1ea0I PH\u00d2NG C\u00d4NG CH\u1ee8NG S\u1ed0 2<\/span> Read More &raquo;<\/a><\/p>\n","protected":false},"author":1,"featured_media":0,"parent":0,"menu_order":0,"comment_status":"closed","ping_status":"closed","template":"","meta":{"site-sidebar-layout":"default","site-content-layout":"default","ast-global-header-display":"","ast-main-header-display":"","ast-hfb-above-header-display":"","ast-hfb-below-header-display":"","ast-hfb-mobile-header-display":"","site-post-title":"","ast-breadcrumbs-content":"","ast-featured-img":"","footer-sml-layout":"","theme-transparent-header-meta":"default","adv-header-id-meta":"","stick-header-meta":"","header-above-stick-meta":"","header-main-stick-meta":"","header-below-stick-meta":"","footnotes":""},"class_list":["post-2013","page","type-page","status-publish","hentry"],"_links":{"self":[{"href":"https:\/\/congchung2tphcm.com.vn\/ekios\/wp-json\/wp\/v2\/pages\/2013","targetHints":{"allow":["GET"]}}],"collection":[{"href":"https:\/\/congchung2tphcm.com.vn\/ekios\/wp-json\/wp\/v2\/pages"}],"about":[{"href":"https:\/\/congchung2tphcm.com.vn\/ekios\/wp-json\/wp\/v2\/types\/page"}],"author":[{"embeddable":true,"href":"https:\/\/congchung2tphcm.com.vn\/ekios\/wp-json\/wp\/v2\/users\/1"}],"replies":[{"embeddable":true,"href":"https:\/\/congchung2tphcm.com.vn\/ekios\/wp-json\/wp\/v2\/comments?post=2013"}],"version-history":[{"count":3,"href":"https:\/\/congchung2tphcm.com.vn\/ekios\/wp-json\/wp\/v2\/pages\/2013\/revisions"}],"predecessor-version":[{"id":2017,"href":"https:\/\/congchung2tphcm.com.vn\/ekios\/wp-json\/wp\/v2\/pages\/2013\/revisions\/2017"}],"wp:attachment":[{"href":"https:\/\/congchung2tphcm.com.vn\/ekios\/wp-json\/wp\/v2\/media?parent=2013"}],"curies":[{"name":"wp","href":"https:\/\/api.w.org\/{rel}","templated":true}]}}