{"id":241,"date":"2022-07-01T08:10:33","date_gmt":"2022-07-01T01:10:33","guid":{"rendered":"https:\/\/congchung2tphcm.com.vn\/ekios\/?page_id=241"},"modified":"2024-07-29T14:33:43","modified_gmt":"2024-07-29T07:33:43","slug":"hop-dong-giao-dich-2","status":"publish","type":"page","link":"https:\/\/congchung2tphcm.com.vn\/ekios\/hop-dong-giao-dich-2\/","title":{"rendered":"H\u1ee3p \u0110\u1ed3ng Giao D\u1ecbch"},"content":{"rendered":"\t\t<div data-elementor-type=\"wp-page\" data-elementor-id=\"241\" class=\"elementor elementor-241\">\n\t\t\t\t\t\t\t\t\t<section class=\"elementor-section elementor-top-section elementor-element elementor-element-8115feb elementor-section-boxed elementor-section-height-default elementor-section-height-default\" data-id=\"8115feb\" data-element_type=\"section\">\n\t\t\t\t\t\t<div class=\"elementor-container elementor-column-gap-default\">\n\t\t\t\t\t<div class=\"elementor-column elementor-col-100 elementor-top-column elementor-element elementor-element-2b3f30b\" data-id=\"2b3f30b\" data-element_type=\"column\">\n\t\t\t<div class=\"elementor-widget-wrap elementor-element-populated\">\n\t\t\t\t\t\t\t\t<div class=\"elementor-element elementor-element-f6c907a elementor-widget elementor-widget-heading\" data-id=\"f6c907a\" data-element_type=\"widget\" data-widget_type=\"heading.default\">\n\t\t\t\t<div class=\"elementor-widget-container\">\n\t\t\t<h2 class=\"elementor-heading-title elementor-size-default\">PH\u00cd C\u00d4NG CH\u1ee8NG H\u1ee2P \u0110\u1ed2NG, GIAO D\u1ecaCH<\/h2>\t\t<\/div>\n\t\t\t\t<\/div>\n\t\t\t\t<div class=\"elementor-element elementor-element-0fba8d1 elementor-widget elementor-widget-text-editor\" data-id=\"0fba8d1\" data-element_type=\"widget\" data-widget_type=\"text-editor.default\">\n\t\t\t\t<div class=\"elementor-widget-container\">\n\t\t\t\t\t\t\t<p>\u0110\u1ec3 t\u00ednh ph\u00ed c\u00f4ng ch\u1ee9ng theo gi\u00e1 tr\u1ecb giao d\u1ecbch, qu\u00fd kh\u00e1ch vui l\u00f2ng b\u1ea5m v\u00e0o\u00a0<strong><a href=\"http:\/\/congchung2tphcm.com\/wp-content\/uploads\/2020\/08\/BANGTINHLEPHI.xlsx\">\u0110\u00c2Y<\/a><\/strong>\u00a0\u0111\u1ec3 t\u1ea3i b\u1ea3ng t\u00ednh ph\u00ed c\u00f4ng ch\u1ee9ng (ch\u01b0a bao g\u1ed3m th\u00f9 lao c\u00f4ng ch\u1ee9ng v\u00e0 c\u00e1c kho\u1ea3n ph\u00ed kh\u00e1c theo quy \u0111\u1ecbnh c\u1ee7a ph\u00e1p lu\u1eadt)<\/p>\t\t\t\t\t\t<\/div>\n\t\t\t\t<\/div>\n\t\t\t\t<div class=\"elementor-element elementor-element-4bf43f4 elementor-widget elementor-widget-heading\" data-id=\"4bf43f4\" data-element_type=\"widget\" data-widget_type=\"heading.default\">\n\t\t\t\t<div class=\"elementor-widget-container\">\n\t\t\t<h2 class=\"elementor-heading-title elementor-size-default\"> C\u0102N C\u1ee8 T\u00cdNH PH\u00cd V\u00c0 GI\u00c1 D\u1ecaCH V\u1ee4 THEO Y\u00caU C\u1ea6U LI\u00caN QUAN \u0110\u1ebeN VI\u1ec6C C\u00d4NG CH\u1ee8NG<\/h2>\t\t<\/div>\n\t\t\t\t<\/div>\n\t\t\t\t<div class=\"elementor-element elementor-element-8180733 elementor-widget elementor-widget-text-editor\" data-id=\"8180733\" data-element_type=\"widget\" data-widget_type=\"text-editor.default\">\n\t\t\t\t<div class=\"elementor-widget-container\">\n\t\t\t\t\t\t\t<p><span style=\"color: #000000;\">1.\u00a0<a style=\"color: #000000;\" href=\"http:\/\/congchung2tphcm.com\/wp-content\/uploads\/2020\/08\/TT-257-2016.BTC-Ve-phi-cong-chung.pdf\"><strong>Th\u00f4ng t\u01b0 s\u1ed1 257\/2016\/TT-BTC<\/strong>\u00a0ng\u00e0y 11\/11\/2016 c\u1ee7a B\u1ed9 T\u00e0i Ch\u00ednh quy \u0111\u1ecbnh m\u1ee9c, ch\u1ebf \u0111\u1ed9 thu, n\u1ed9p, qu\u1ea3n l\u00fd, s\u1eed d\u1ee5ng ph\u00ed c\u00f4ng ch\u1ee9ng; ph\u00ed ch\u1ee9ng th\u1ef1c; ph\u00ed th\u1ea9m \u0111\u1ecbnh ti\u00eau chu\u1ea9n, \u0111i\u1ec1u ki\u1ec7n h\u00e0nh ngh\u1ec1 c\u00f4ng ch\u1ee9ng; ph\u00ed th\u1ea9m \u0111\u1ecbnh \u0111i\u1ec1u ki\u1ec7n ho\u1ea1t \u0111\u1ed9ng v\u0103n ph\u00f2ng c\u00f4ng ch\u1ee9ng; l\u1ec7 ph\u00ed c\u1ea5p th\u1ebb c\u00f4ng ch\u1ee9ng vi\u00ean<\/a><\/span><\/p>\t\t\t\t\t\t<\/div>\n\t\t\t\t<\/div>\n\t\t\t\t<div class=\"elementor-element elementor-element-5945b0d elementor-widget elementor-widget-text-editor\" data-id=\"5945b0d\" data-element_type=\"widget\" data-widget_type=\"text-editor.default\">\n\t\t\t\t<div class=\"elementor-widget-container\">\n\t\t\t\t\t\t\t<p><span style=\"color: #000000;\">2.\u00a0<a style=\"color: #000000;\" href=\"http:\/\/congchung2tphcm.com\/wp-content\/uploads\/2020\/08\/TT-111.2017.BTC-SDBS-TT-257.pdf\"><strong>Th\u00f4ng t\u01b0 s\u1ed1 111\/2017\/TT-BTC<\/strong>\u00a0ng\u00e0y 20\/10\/2017 s\u1eeda \u0111\u1ed5i b\u1ed5 sung m\u1ed9t s\u1ed1 \u0111i\u1ec1u c\u1ee7a Th\u00f4ng t\u01b0 s\u1ed1 257\/2016\/TT-BTC ng\u00e0y 11\/11\/2016 c\u1ee7a B\u1ed9 T\u00e0i Ch\u00ednh quy \u0111\u1ecbnh m\u1ee9c, ch\u1ebf \u0111\u1ed9 thu, n\u1ed9p, qu\u1ea3n l\u00fd, s\u1eed d\u1ee5ng ph\u00ed c\u00f4ng ch\u1ee9ng; ph\u00ed ch\u1ee9ng th\u1ef1c; ph\u00ed th\u1ea9m \u0111\u1ecbnh ti\u00eau chu\u1ea9n, \u0111i\u1ec1u ki\u1ec7n h\u00e0nh ngh\u1ec1 c\u00f4ng ch\u1ee9ng; ph\u00ed th\u1ea9m \u0111\u1ecbnh \u0111i\u1ec1u ki\u1ec7n ho\u1ea1t \u0111\u1ed9ng v\u0103n ph\u00f2ng c\u00f4ng ch\u1ee9ng; l\u1ec7 ph\u00ed c\u1ea5p th\u1ebb c\u00f4ng ch\u1ee9ng vi\u00ean<\/a><\/span><\/p>\t\t\t\t\t\t<\/div>\n\t\t\t\t<\/div>\n\t\t\t\t<div class=\"elementor-element elementor-element-9e49ae7 elementor-widget elementor-widget-text-editor\" data-id=\"9e49ae7\" data-element_type=\"widget\" data-widget_type=\"text-editor.default\">\n\t\t\t\t<div class=\"elementor-widget-container\">\n\t\t\t\t\t\t\t<p><a href=\"https:\/\/congchung2tphcm.com\/wp-content\/uploads\/2024\/07\/3.Quyet-dinh-so-1353-QD-CC2-ngay-29-12-2023.pdf\"><span style=\"color: #000000;\"><strong>3. Quy\u1ebft \u0111\u1ecbnh s\u1ed1 1353-Q\u0110-CC2<\/strong> ng\u00e0y 29-12-2023 V\u1ec1 vi\u1ec7c ban h\u00e0nh Bi\u1ec3u thu th\u00f9 lao c\u00f4ng ch\u1ee9ng v\u00e0 chi ph\u00ed kh\u00e1c t\u1ea1i Ph\u00f2ng C\u00f4ng ch\u1ee9ng s\u1ed1 2 th\u00e0nh ph\u1ed1 H\u1ed3 Ch\u00ed Minh\u00a0\u00a0<\/span><\/a><\/p>\t\t\t\t\t\t<\/div>\n\t\t\t\t<\/div>\n\t\t\t\t<div class=\"elementor-element elementor-element-a9eaeea elementor-widget elementor-widget-text-editor\" data-id=\"a9eaeea\" data-element_type=\"widget\" data-widget_type=\"text-editor.default\">\n\t\t\t\t<div class=\"elementor-widget-container\">\n\t\t\t\t\t\t\t<p><span style=\"color: #000000;\"><strong>4<\/strong><a style=\"color: #000000;\" href=\"https:\/\/congchung2tphcm.com\/wp-content\/uploads\/2024\/07\/4.Quyet-dinh-so-581-QD-CC2-ngay-01-07-2024.pdf\"><span style=\"color: #000000;\"><strong>. Quy\u1ebft \u0111\u1ecbnh s\u1ed1 581-Q\u0110-CC2 <\/strong><\/span>ng\u00e0y 01-07-2024 V\u1ec1 vi\u1ec7c s\u1eeda \u0111\u1ed5i, b\u1ed5 sung quy\u1ebft \u0111\u1ecbnh s\u1ed1 1353\/Q\u0110-CC2 ng\u00e0y 29\/12\/2023 c\u1ee7a Tr\u01b0\u1edfng ph\u00f2ng C\u00f4ng ch\u1ee9ng s\u1ed1 2 th\u00e0nh ph\u1ed1 H\u1ed3 Ch\u00ed Minh.<\/a><\/span><\/p>\t\t\t\t\t\t<\/div>\n\t\t\t\t<\/div>\n\t\t\t\t<div class=\"elementor-element elementor-element-b3eb769 elementor-widget elementor-widget-text-editor\" data-id=\"b3eb769\" data-element_type=\"widget\" data-widget_type=\"text-editor.default\">\n\t\t\t\t<div class=\"elementor-widget-container\">\n\t\t\t\t\t\t\t<p><span style=\"color: #000000;\"><a style=\"color: #000000;\" href=\"https:\/\/congchung2tphcm.com\/wp-content\/uploads\/2023\/04\/05.Quy-trinh-thu-phi-thu-lao-cong-chung-chung-thuc-tai-Phong-cong-chung-so-2-TP.Ho-Chi-Minh.pdf\"><span style=\"color: #000000;\"><strong>5.<\/strong> <strong>Quy tr\u00ecnh<\/strong><strong> thu ph\u00ed, th\u00f9 lao c\u00f4ng ch\u1ee9ng, ch\u1ee9ng th\u1ef1<\/strong><\/span><span style=\"color: #151596;\"><strong>c<\/strong><\/span> t\u1ea1i Ph\u00f2ng c\u00f4ng ch\u1ee9ng s\u1ed1 2 TP.H\u1ed3 Ch\u00ed Minh.\u00a0<\/a><\/span><\/p>\t\t\t\t\t\t<\/div>\n\t\t\t\t<\/div>\n\t\t\t\t\t<\/div>\n\t\t<\/div>\n\t\t\t\t\t\t\t<\/div>\n\t\t<\/section>\n\t\t\t\t\t\t\t<\/div>\n\t\t","protected":false},"excerpt":{"rendered":"<p>PH\u00cd C\u00d4NG CH\u1ee8NG H\u1ee2P \u0110\u1ed2NG, GIAO D\u1ecaCH \u0110\u1ec3 t\u00ednh ph\u00ed c\u00f4ng ch\u1ee9ng theo gi\u00e1 tr\u1ecb giao d\u1ecbch, qu\u00fd kh\u00e1ch vui l\u00f2ng b\u1ea5m v\u00e0o\u00a0\u0110\u00c2Y\u00a0\u0111\u1ec3 t\u1ea3i b\u1ea3ng t\u00ednh ph\u00ed c\u00f4ng ch\u1ee9ng (ch\u01b0a bao g\u1ed3m th\u00f9 lao c\u00f4ng ch\u1ee9ng v\u00e0 c\u00e1c kho\u1ea3n ph\u00ed kh\u00e1c theo quy \u0111\u1ecbnh c\u1ee7a ph\u00e1p lu\u1eadt) C\u0102N C\u1ee8 T\u00cdNH PH\u00cd V\u00c0 GI\u00c1 D\u1ecaCH V\u1ee4 &hellip;<\/p>\n<p class=\"read-more\"> <a class=\"\" href=\"https:\/\/congchung2tphcm.com.vn\/ekios\/hop-dong-giao-dich-2\/\"> <span class=\"screen-reader-text\">H\u1ee3p \u0110\u1ed3ng Giao D\u1ecbch<\/span> Read More &raquo;<\/a><\/p>\n","protected":false},"author":1,"featured_media":0,"parent":0,"menu_order":0,"comment_status":"closed","ping_status":"closed","template":"elementor_header_footer","meta":{"site-sidebar-layout":"no-sidebar","site-content-layout":"page-builder","ast-global-header-display":"","ast-main-header-display":"","ast-hfb-above-header-display":"","ast-hfb-below-header-display":"","ast-hfb-mobile-header-display":"","site-post-title":"disabled","ast-breadcrumbs-content":"","ast-featured-img":"disabled","footer-sml-layout":"","theme-transparent-header-meta":"default","adv-header-id-meta":"","stick-header-meta":"","header-above-stick-meta":"","header-main-stick-meta":"","header-below-stick-meta":"","footnotes":""},"class_list":["post-241","page","type-page","status-publish","hentry"],"_links":{"self":[{"href":"https:\/\/congchung2tphcm.com.vn\/ekios\/wp-json\/wp\/v2\/pages\/241","targetHints":{"allow":["GET"]}}],"collection":[{"href":"https:\/\/congchung2tphcm.com.vn\/ekios\/wp-json\/wp\/v2\/pages"}],"about":[{"href":"https:\/\/congchung2tphcm.com.vn\/ekios\/wp-json\/wp\/v2\/types\/page"}],"author":[{"embeddable":true,"href":"https:\/\/congchung2tphcm.com.vn\/ekios\/wp-json\/wp\/v2\/users\/1"}],"replies":[{"embeddable":true,"href":"https:\/\/congchung2tphcm.com.vn\/ekios\/wp-json\/wp\/v2\/comments?post=241"}],"version-history":[{"count":22,"href":"https:\/\/congchung2tphcm.com.vn\/ekios\/wp-json\/wp\/v2\/pages\/241\/revisions"}],"predecessor-version":[{"id":1407,"href":"https:\/\/congchung2tphcm.com.vn\/ekios\/wp-json\/wp\/v2\/pages\/241\/revisions\/1407"}],"wp:attachment":[{"href":"https:\/\/congchung2tphcm.com.vn\/ekios\/wp-json\/wp\/v2\/media?parent=241"}],"curies":[{"name":"wp","href":"https:\/\/api.w.org\/{rel}","templated":true}]}}