{"id":642,"date":"2022-07-05T08:05:06","date_gmt":"2022-07-05T01:05:06","guid":{"rendered":"https:\/\/congchung2tphcm.com.vn\/ekios\/?page_id=642"},"modified":"2022-08-09T08:21:49","modified_gmt":"2022-08-09T01:21:49","slug":"cac-loai-hop-dong-giao-dich","status":"publish","type":"page","link":"https:\/\/congchung2tphcm.com.vn\/ekios\/phan-mem-tinh-phi-cong-chung\/cac-loai-hop-dong-giao-dich\/","title":{"rendered":"C\u00c1C LO\u1ea0I H\u1ee2P \u0110\u1ed2NG GIAO D\u1ecaCH"},"content":{"rendered":"<div class=\"header-title pt-5 mb-4 text-center\">C\u0102N C\u1ee8 T\u00cdNH PH\u00cd, TH\u00d9 LAO C\u00d4NG CH\u1ee8NG<\/div>\n<ol class=\"style-list\">\n<li>Th\u00f4ng t\u01b0 s\u1ed1 257\/2016\/TT-BTC\u00a0ng\u00e0y 11\/11\/2016 c\u1ee7a B\u1ed9 T\u00e0i Ch\u00ednh quy \u0111\u1ecbnh m\u1ee9c, ch\u1ebf \u0111\u1ed9 thu, n\u1ed9p, qu\u1ea3n l\u00fd, s\u1eed d\u1ee5ng ph\u00ed c\u00f4ng ch\u1ee9ng; ph\u00ed ch\u1ee9ng th\u1ef1c; ph\u00ed th\u1ea9m \u0111\u1ecbnh ti\u00eau chu\u1ea9n, \u0111i\u1ec1u ki\u1ec7n h\u00e0nh ngh\u1ec1 c\u00f4ng ch\u1ee9ng; ph\u00ed th\u1ea9m \u0111\u1ecbnh \u0111i\u1ec1u ki\u1ec7n ho\u1ea1t \u0111\u1ed9ng v\u0103n ph\u00f2ng c\u00f4ng ch\u1ee9ng; l\u1ec7 ph\u00ed c\u1ea5p th\u1ebb c\u00f4ng ch\u1ee9ng vi\u00ean<\/li>\n<li>Th\u00f4ng t\u01b0 s\u1ed1 111\/2017\/TT-BTC\u00a0ng\u00e0y 20\/10\/2017 s\u1eeda \u0111\u1ed5i b\u1ed5 sung m\u1ed9t s\u1ed1 \u0111i\u1ec1u c\u1ee7a Th\u00f4ng t\u01b0 s\u1ed1 257\/2016\/TT-BTC ng\u00e0y 11\/11\/2016 c\u1ee7a B\u1ed9 T\u00e0i Ch\u00ednh quy \u0111\u1ecbnh m\u1ee9c, ch\u1ebf \u0111\u1ed9 thu, n\u1ed9p, qu\u1ea3n l\u00fd, s\u1eed d\u1ee5ng ph\u00ed c\u00f4ng ch\u1ee9ng; ph\u00ed ch\u1ee9ng th\u1ef1c; ph\u00ed th\u1ea9m \u0111\u1ecbnh ti\u00eau chu\u1ea9n, \u0111i\u1ec1u ki\u1ec7n h\u00e0nh ngh\u1ec1 c\u00f4ng ch\u1ee9ng; ph\u00ed th\u1ea9m \u0111\u1ecbnh \u0111i\u1ec1u ki\u1ec7n ho\u1ea1t \u0111\u1ed9ng v\u0103n ph\u00f2ng c\u00f4ng ch\u1ee9ng; l\u1ec7 ph\u00ed c\u1ea5p th\u1ebb c\u00f4ng ch\u1ee9ng vi\u00ean<\/li>\n<li>Quy\u1ebft \u0111\u1ecbnh s\u1ed1 08\/2016\/Q\u0110-UBND\u00a0ng\u00e0y 21\/03\/2016 c\u1ee7a UBND Th\u00e0nh ph\u1ed1 H\u1ed3 Ch\u00ed Minh v\u1ec1 ban h\u00e0nh quy \u0111\u1ecbnh m\u1ee9c tr\u1ea7n th\u00f9 lao c\u00f4ng ch\u1ee9ng tr\u00ean \u0111\u1ecba b\u00e0n th\u00e0nh ph\u1ed1 H\u1ed3 Ch\u00ed Minh.<\/li>\n<li>Quy\u1ebft \u0111\u1ecbnh s\u1ed1 208\/CC2\u00a0ng\u00e0y 19\/04\/2016 v\u1ec1 vi\u1ec7c thu th\u00f9 lao c\u00f4ng ch\u1ee9ng \u00e1p d\u1ee5ng t\u1ea1i Ph\u00f2ng c\u00f4ng ch\u1ee9ng s\u1ed1 2 TPHCM<\/li>\n<\/ol>\n","protected":false},"excerpt":{"rendered":"<p>C\u0102N C\u1ee8 T\u00cdNH PH\u00cd, TH\u00d9 LAO C\u00d4NG CH\u1ee8NG Th\u00f4ng t\u01b0 s\u1ed1 257\/2016\/TT-BTC\u00a0ng\u00e0y 11\/11\/2016 c\u1ee7a B\u1ed9 T\u00e0i Ch\u00ednh quy \u0111\u1ecbnh m\u1ee9c, ch\u1ebf \u0111\u1ed9 thu, n\u1ed9p, qu\u1ea3n l\u00fd, s\u1eed d\u1ee5ng ph\u00ed c\u00f4ng ch\u1ee9ng; ph\u00ed ch\u1ee9ng th\u1ef1c; ph\u00ed th\u1ea9m \u0111\u1ecbnh ti\u00eau chu\u1ea9n, \u0111i\u1ec1u ki\u1ec7n h\u00e0nh ngh\u1ec1 c\u00f4ng ch\u1ee9ng; ph\u00ed th\u1ea9m \u0111\u1ecbnh \u0111i\u1ec1u ki\u1ec7n ho\u1ea1t \u0111\u1ed9ng v\u0103n ph\u00f2ng c\u00f4ng &hellip;<\/p>\n<p class=\"read-more\"> <a class=\"\" href=\"https:\/\/congchung2tphcm.com.vn\/ekios\/phan-mem-tinh-phi-cong-chung\/cac-loai-hop-dong-giao-dich\/\"> <span class=\"screen-reader-text\">C\u00c1C LO\u1ea0I H\u1ee2P \u0110\u1ed2NG GIAO D\u1ecaCH<\/span> Read More &raquo;<\/a><\/p>\n","protected":false},"author":1,"featured_media":0,"parent":640,"menu_order":0,"comment_status":"closed","ping_status":"closed","template":"cacloaihopdonggiaodich.php","meta":{"site-sidebar-layout":"default","site-content-layout":"default","ast-global-header-display":"","ast-main-header-display":"","ast-hfb-above-header-display":"","ast-hfb-below-header-display":"","ast-hfb-mobile-header-display":"","site-post-title":"","ast-breadcrumbs-content":"","ast-featured-img":"","footer-sml-layout":"","theme-transparent-header-meta":"default","adv-header-id-meta":"","stick-header-meta":"","header-above-stick-meta":"","header-main-stick-meta":"","header-below-stick-meta":"","footnotes":""},"class_list":["post-642","page","type-page","status-publish","hentry"],"_links":{"self":[{"href":"https:\/\/congchung2tphcm.com.vn\/ekios\/wp-json\/wp\/v2\/pages\/642","targetHints":{"allow":["GET"]}}],"collection":[{"href":"https:\/\/congchung2tphcm.com.vn\/ekios\/wp-json\/wp\/v2\/pages"}],"about":[{"href":"https:\/\/congchung2tphcm.com.vn\/ekios\/wp-json\/wp\/v2\/types\/page"}],"author":[{"embeddable":true,"href":"https:\/\/congchung2tphcm.com.vn\/ekios\/wp-json\/wp\/v2\/users\/1"}],"replies":[{"embeddable":true,"href":"https:\/\/congchung2tphcm.com.vn\/ekios\/wp-json\/wp\/v2\/comments?post=642"}],"version-history":[{"count":6,"href":"https:\/\/congchung2tphcm.com.vn\/ekios\/wp-json\/wp\/v2\/pages\/642\/revisions"}],"predecessor-version":[{"id":841,"href":"https:\/\/congchung2tphcm.com.vn\/ekios\/wp-json\/wp\/v2\/pages\/642\/revisions\/841"}],"up":[{"embeddable":true,"href":"https:\/\/congchung2tphcm.com.vn\/ekios\/wp-json\/wp\/v2\/pages\/640"}],"wp:attachment":[{"href":"https:\/\/congchung2tphcm.com.vn\/ekios\/wp-json\/wp\/v2\/media?parent=642"}],"curies":[{"name":"wp","href":"https:\/\/api.w.org\/{rel}","templated":true}]}}