{"id":888,"date":"2022-10-17T09:21:31","date_gmt":"2022-10-17T02:21:31","guid":{"rendered":"https:\/\/congchung2tphcm.com.vn\/ekios\/?page_id=888"},"modified":"2022-10-17T10:52:29","modified_gmt":"2022-10-17T03:52:29","slug":"hoi-thi-tuyen-truyen-cai-cach-hanh-chinh-nam-2022","status":"publish","type":"page","link":"https:\/\/congchung2tphcm.com.vn\/ekios\/hoi-thi-tuyen-truyen-cai-cach-hanh-chinh-nam-2022\/","title":{"rendered":"H\u1ed8I THI TUY\u00caN TRUY\u1ec0N C\u1ea2I C\u00c1CH H\u00c0NH CH\u00cdNH N\u0102M 2022"},"content":{"rendered":"\t\t<div data-elementor-type=\"wp-page\" data-elementor-id=\"888\" class=\"elementor elementor-888\">\n\t\t\t\t\t\t\t\t\t<section class=\"elementor-section elementor-top-section elementor-element elementor-element-9ca2efe elementor-section-boxed elementor-section-height-default elementor-section-height-default\" data-id=\"9ca2efe\" data-element_type=\"section\">\n\t\t\t\t\t\t<div class=\"elementor-container elementor-column-gap-default\">\n\t\t\t\t\t<div class=\"elementor-column elementor-col-100 elementor-top-column elementor-element elementor-element-0d526ca\" data-id=\"0d526ca\" data-element_type=\"column\">\n\t\t\t<div class=\"elementor-widget-wrap elementor-element-populated\">\n\t\t\t\t\t\t\t\t<div class=\"elementor-element elementor-element-c9d5d18 elementor-widget elementor-widget-text-editor\" data-id=\"c9d5d18\" data-element_type=\"widget\" data-widget_type=\"text-editor.default\">\n\t\t\t\t<div class=\"elementor-widget-container\">\n\t\t\t\t\t\t\t<p><span class=\"text\"><span style=\"color: #000000;\">&#8220;H\u00e3y \u1ee7ng h\u1ed9 k\u00eanh Youtube c\u1ee7a Ph\u00f2ng C\u00f4ng Ch\u1ee9ng s\u1ed1 2 TP.H\u1ed3 Ch\u00ed Minh-Tham gia h\u1ed9i thi tuy\u00ean truy\u1ec1n c\u1ea3i c\u00e1ch h\u00e0nh ch\u00ednh N\u0103m 2022 &#8211; Chi ti\u1ebft link: <\/span><\/span><a href=\"https:\/\/www.youtube.com\/watch?v=YK4E8IprACM\">https:\/\/www.youtube.com\/watch?v=YK4E8IprACM<\/a><\/p>\t\t\t\t\t\t<\/div>\n\t\t\t\t<\/div>\n\t\t\t\t<div class=\"elementor-element elementor-element-f7b75ac elementor-widget elementor-widget-video\" data-id=\"f7b75ac\" data-element_type=\"widget\" data-settings=\"{&quot;youtube_url&quot;:&quot;https:\\\/\\\/www.youtube.com\\\/watch?v=YK4E8IprACM&quot;,&quot;video_type&quot;:&quot;youtube&quot;,&quot;controls&quot;:&quot;yes&quot;}\" data-widget_type=\"video.default\">\n\t\t\t\t<div class=\"elementor-widget-container\">\n\t\t\t\t\t<div class=\"elementor-wrapper elementor-open-inline\">\n\t\t\t<div class=\"elementor-video\"><\/div>\t\t<\/div>\n\t\t\t\t<\/div>\n\t\t\t\t<\/div>\n\t\t\t\t\t<\/div>\n\t\t<\/div>\n\t\t\t\t\t\t\t<\/div>\n\t\t<\/section>\n\t\t\t\t\t\t\t<\/div>\n\t\t","protected":false},"excerpt":{"rendered":"<p>&#8220;H\u00e3y \u1ee7ng h\u1ed9 k\u00eanh Youtube c\u1ee7a Ph\u00f2ng C\u00f4ng Ch\u1ee9ng s\u1ed1 2 TP.H\u1ed3 Ch\u00ed Minh-Tham gia h\u1ed9i thi tuy\u00ean truy\u1ec1n c\u1ea3i c\u00e1ch h\u00e0nh ch\u00ednh N\u0103m 2022 &#8211; Chi ti\u1ebft link: https:\/\/www.youtube.com\/watch?v=YK4E8IprACM https:\/\/www.youtube.com\/watch?v=YK4E8IprACM<\/p>\n","protected":false},"author":1,"featured_media":0,"parent":0,"menu_order":0,"comment_status":"closed","ping_status":"closed","template":"","meta":{"site-sidebar-layout":"no-sidebar","site-content-layout":"page-builder","ast-global-header-display":"","ast-main-header-display":"","ast-hfb-above-header-display":"","ast-hfb-below-header-display":"","ast-hfb-mobile-header-display":"","site-post-title":"disabled","ast-breadcrumbs-content":"","ast-featured-img":"disabled","footer-sml-layout":"","theme-transparent-header-meta":"","adv-header-id-meta":"","stick-header-meta":"","header-above-stick-meta":"","header-main-stick-meta":"","header-below-stick-meta":"","footnotes":""},"class_list":["post-888","page","type-page","status-publish","hentry"],"_links":{"self":[{"href":"https:\/\/congchung2tphcm.com.vn\/ekios\/wp-json\/wp\/v2\/pages\/888","targetHints":{"allow":["GET"]}}],"collection":[{"href":"https:\/\/congchung2tphcm.com.vn\/ekios\/wp-json\/wp\/v2\/pages"}],"about":[{"href":"https:\/\/congchung2tphcm.com.vn\/ekios\/wp-json\/wp\/v2\/types\/page"}],"author":[{"embeddable":true,"href":"https:\/\/congchung2tphcm.com.vn\/ekios\/wp-json\/wp\/v2\/users\/1"}],"replies":[{"embeddable":true,"href":"https:\/\/congchung2tphcm.com.vn\/ekios\/wp-json\/wp\/v2\/comments?post=888"}],"version-history":[{"count":12,"href":"https:\/\/congchung2tphcm.com.vn\/ekios\/wp-json\/wp\/v2\/pages\/888\/revisions"}],"predecessor-version":[{"id":900,"href":"https:\/\/congchung2tphcm.com.vn\/ekios\/wp-json\/wp\/v2\/pages\/888\/revisions\/900"}],"wp:attachment":[{"href":"https:\/\/congchung2tphcm.com.vn\/ekios\/wp-json\/wp\/v2\/media?parent=888"}],"curies":[{"name":"wp","href":"https:\/\/api.w.org\/{rel}","templated":true}]}}